




{"id":242,"date":"2015-01-09T12:31:01","date_gmt":"2015-01-09T12:31:01","guid":{"rendered":"http:\/\/localhost\/wordpress\/pressroom\/?page_id=242"},"modified":"2015-01-09T12:31:01","modified_gmt":"2015-01-09T12:31:01","slug":"about-style-1","status":"publish","type":"page","link":"https:\/\/www.habitatinsulae.es\/ca\/about-style-1\/","title":{"rendered":"About Style 1"},"content":{"rendered":"<div class=\"wpb-content-wrapper\"><div class=\"vc_row wpb_row vc_row-fluid\"><div class=\"wpb_column vc_column_container vc_col-sm-12\"><div class=\"wpb_wrapper\"><div class=\"divider_block clearfix\"><hr class=\"divider first\"><hr class=\"divider subheader_arrow\"><hr class=\"divider last\"><\/div><\/div><\/div><\/div><div class=\"vc_row wpb_row vc_row-fluid page_margin_top\"><div class=\"wpb_column vc_column_container vc_col-sm-6\"><div class=\"wpb_wrapper\">\n\t<div  class=\"wpb_single_image wpb_content_element vc_align_left wpb_content_element\">\n\t\t\n\t\t<figure class=\"wpb_wrapper vc_figure\">\n\t\t\t<div class=\"vc_single_image-wrapper   vc_box_border_grey\"><img decoding=\"async\" width=\"510\" height=\"374\" src=\"https:\/\/www.habitatinsulae.es\/wp-content\/uploads\/2015\/01\/image_09-510x374.jpg\" class=\"vc_single_image-img attachment-blog-post-thumb-big\" alt=\"\" title=\"image_09\" srcset=\"https:\/\/www.habitatinsulae.es\/wp-content\/uploads\/2015\/01\/image_09-510x374.jpg 510w, https:\/\/www.habitatinsulae.es\/wp-content\/uploads\/2015\/01\/image_09-330x242.jpg 330w, https:\/\/www.habitatinsulae.es\/wp-content\/uploads\/2015\/01\/image_09-130x95.jpg 130w\" sizes=\"(max-width: 510px) 100vw, 510px\" \/><\/div>\n\t\t<\/figure>\n\t<\/div>\n<\/div><\/div><div class=\"wpb_column vc_column_container vc_col-sm-6\"><div class=\"wpb_wrapper\"><div class=\"clearfix\"><h1 class=\"about_title\">Top Stories from<\/h1><h2 class=\"about_subtitle\">Around the World<\/h2><h3 class=\"page_margin_top\">Politicians have looked weak in the face of such natural disaster, with many facing criticism from local.<\/h3><p class=\"text padding_top_0 page_margin_top\">Politicians have looked weak in the face of such natural disaster, with many facing criticism from local residents for doing little more than turning up as \u201cflood tourists\u201d at the site of disasters, incapable of helping those in crisis and only there for a photo.<\/p><\/div><\/div><\/div><\/div><div class=\"vc_row wpb_row vc_row-fluid page_margin_top_section\"><div class=\"border_top wpb_column vc_column_container vc_col-sm-4\"><div class=\"wpb_wrapper\"><div class=\"page_margin_top\"><div class=\"item_content clearfix\"><span title=\"Engaging Oppurtunities\" class=\"features_icon printer animated_element animation-scale\"><\/span><div class=\"text\"><h3>Engaging Oppurtunities<\/h3><p>Maecenas mauris elementum, est morbi interdum cursus at elite imperdiet libero. Proin odios nulla.<\/p><\/div><\/div><\/div><\/div><\/div><div class=\"border_top wpb_column vc_column_container vc_col-sm-4\"><div class=\"wpb_wrapper\"><div class=\"page_margin_top\"><div class=\"item_content clearfix\"><span title=\"Source of Daily News\" class=\"features_icon calendar animated_element animation-scale\"><\/span><div class=\"text\"><h3>Source of Daily News<\/h3><p>Maecenas mauris elementum, est morbi interdum cursus at elite imperdiet libero. Proin odios nulla.<\/p><\/div><\/div><\/div><\/div><\/div><div class=\"border_top wpb_column vc_column_container vc_col-sm-4\"><div class=\"wpb_wrapper\"><div class=\"page_margin_top\"><div class=\"item_content clearfix\"><span title=\"Rankings and Ratings\" class=\"features_icon graph animated_element animation-scale\"><\/span><div class=\"text\"><h3>Rankings and Ratings<\/h3><p>Maecenas mauris elementum, est morbi interdum cursus at elite imperdiet libero. Proin odios nulla.<\/p><\/div><\/div><\/div><\/div><\/div><\/div><div class=\"vc_row wpb_row vc_row-fluid\"><div class=\"wpb_column vc_column_container vc_col-sm-12\"><div class=\"wpb_wrapper\"><h4 class=\"box_header page_margin_top_section\">Our Valuable Team Members <\/h4><\/div><\/div><\/div><div class=\"vc_row wpb_row vc_row-fluid page_margin_top_section\"><div class=\"wpb_column vc_column_container vc_col-sm-6\"><div class=\"wpb_wrapper\">\n\t\t<ul class=\"accordion\" data-collapsible=\"no\"  data-vc-disable-keydown=\"false\" data-active-tab=\"1\">\n\t\t\t\n\t\t\t<li>\n\t\t\t\t<div id=\"accordion-cras-rutrum\"><h3>Cras rutrum leo at odio volutpat id blandit fugiats?<\/h3><\/div>\n\t\t\t\t<div class=\"clearfix\">\n\t\t\t\t<div class=\"page_margin_top\"><div class=\"item_content clearfix\"><span title=\"Engaging Oppurtunities and Top Benefits\" class=\"features_icon pin animated_element animation-scale\"><\/span><div class=\"text\"><h5>Engaging Oppurtunities and Top Benefits<\/h5><p>Maecenas mauris elementum, est morbi interdum cursus at elite imperdiet libero. Proin odios dapibus integer an nulla augue pharetra cursus.<\/p><\/div><\/div><\/div><div class=\"page_margin_top\"><div class=\"item_content clearfix\"><span title=\"Press Office, Licensees and Employment\" class=\"features_icon quote animated_element animation-scale\"><\/span><div class=\"text\"><h5>Press Office, Licensees and Employment<\/h5><p>Maecenas mauris elementum, est morbi interdum cursus at elite imperdiet libero. Proin odios dapibus integer an nulla augue pharetra cursus.<\/p><\/div><\/div><\/div>\n\t\t\t\t<\/div>\n\t\t\t<\/li> \n\n\t\t\t<li>\n\t\t\t\t<div id=\"accordion-donec-fermentum\"><h3>Donec fermentum porttitor nunc amet gravida?<\/h3><\/div>\n\t\t\t\t<div class=\"clearfix\">\n\t\t\t\t<div class=\"page_margin_top\"><div class=\"item_content clearfix\"><span title=\"Engaging Oppurtunities and Top Benefits\" class=\"features_icon app animated_element animation-scale\"><\/span><div class=\"text\"><h5>Engaging Oppurtunities and Top Benefits<\/h5><p>Maecenas mauris elementum, est morbi interdum cursus at elite imperdiet libero. Proin odios dapibus integer an nulla augue pharetra cursus.<\/p><\/div><\/div><\/div><div class=\"page_margin_top\"><div class=\"item_content clearfix\"><span title=\"Press Office, Licensees and Employment\" class=\"features_icon database animated_element animation-scale\"><\/span><div class=\"text\"><h5>Press Office, Licensees and Employment<\/h5><p>Maecenas mauris elementum, est morbi interdum cursus at elite imperdiet libero. Proin odios dapibus integer an nulla augue pharetra cursus.<\/p><\/div><\/div><\/div>\n\t\t\t\t<\/div>\n\t\t\t<\/li> \n\n\t\t\t<li>\n\t\t\t\t<div id=\"accordion-aenean-faucibus\"><h3>Aenean faucibus sapien a odio varius?<\/h3><\/div>\n\t\t\t\t<div class=\"clearfix\">\n\t\t\t\t<div class=\"page_margin_top\"><div class=\"item_content clearfix\"><span title=\"Engaging Oppurtunities and Top Benefits\" class=\"features_icon image animated_element animation-scale\"><\/span><div class=\"text\"><h5>Engaging Oppurtunities and Top Benefits<\/h5><p>Maecenas mauris elementum, est morbi interdum cursus at elite imperdiet libero. Proin odios dapibus integer an nulla augue pharetra cursus.<\/p><\/div><\/div><\/div><div class=\"page_margin_top\"><div class=\"item_content clearfix\"><span title=\"Press Office, Licensees and Employment\" class=\"features_icon video animated_element animation-scale\"><\/span><div class=\"text\"><h5>Press Office, Licensees and Employment<\/h5><p>Maecenas mauris elementum, est morbi interdum cursus at elite imperdiet libero. Proin odios dapibus integer an nulla augue pharetra cursus.<\/p><\/div><\/div><\/div>\n\t\t\t\t<\/div>\n\t\t\t<\/li> \n\n\t\t\t<li>\n\t\t\t\t<div id=\"accordion-donec-pulvinar\"><h3>Donec pulvinar lectus quis laoreet vestibulum?<\/h3><\/div>\n\t\t\t\t<div class=\"clearfix\">\n\t\t\t\t<div class=\"page_margin_top\"><div class=\"item_content clearfix\"><span title=\"Engaging Oppurtunities and Top Benefits\" class=\"features_icon database animated_element animation-scale\"><\/span><div class=\"text\"><h5>Engaging Oppurtunities and Top Benefits<\/h5><p>Maecenas mauris elementum, est morbi interdum cursus at elite imperdiet libero. Proin odios dapibus integer an nulla augue pharetra cursus.<\/p><\/div><\/div><\/div><div class=\"page_margin_top\"><div class=\"item_content clearfix\"><span title=\"Press Office, Licensees and Employment\" class=\"features_icon magnifier animated_element animation-scale\"><\/span><div class=\"text\"><h5>Press Office, Licensees and Employment<\/h5><p>Maecenas mauris elementum, est morbi interdum cursus at elite imperdiet libero. Proin odios dapibus integer an nulla augue pharetra cursus.<\/p><\/div><\/div><\/div>\n\t\t\t\t<\/div>\n\t\t\t<\/li> \n\n\t\t<\/ul> <\/div><\/div><div class=\"wpb_column vc_column_container vc_col-sm-6\"><div class=\"wpb_wrapper\"><h4 class=\"box_header\">Press Office News<\/h4><div class=\"vc_row wpb_row vc_row-fluid\"><ul class=\"blog clearfix small\"><li class=\"post post-15623 type-post status-publish format-standard has-post-thumbnail hentry category-fonos-inversion-social category-politica category-vivienda tag-alquiler-asequible tag-politica-economica tag-vivienda\"><a class=\"post_image\" href=\"https:\/\/www.habitatinsulae.es\/ca\/vivienda-madrid-impulsa-18-000-hogares-en-cuatro-anos\/\" title=\"Vivienda: Madrid impulsa 18.000 hogares en cuatro a\u00f1os\"><img decoding=\"async\" width=\"100\" height=\"100\" src=\"https:\/\/www.habitatinsulae.es\/wp-content\/uploads\/2026\/04\/imagen_2026-04-22_145155092-100x100.jpg\" class=\"attachment-pressroom-small-thumb size-pressroom-small-thumb wp-post-image\" alt=\"Vivienda: Madrid impulsa 18.000 hogares en cuatro a\u00f1os\" title=\"\" srcset=\"https:\/\/www.habitatinsulae.es\/wp-content\/uploads\/2026\/04\/imagen_2026-04-22_145155092-100x100.jpg 100w, https:\/\/www.habitatinsulae.es\/wp-content\/uploads\/2026\/04\/imagen_2026-04-22_145155092-150x150.jpg 150w, https:\/\/www.habitatinsulae.es\/wp-content\/uploads\/2026\/04\/imagen_2026-04-22_145155092-524x524.jpg 524w\" sizes=\"(max-width: 100px) 100vw, 100px\" \/><\/a><div class=\"post_content\"><h5 class=\"clearfix margin_bottom_0\"><a href=\"https:\/\/www.habitatinsulae.es\/ca\/vivienda-madrid-impulsa-18-000-hogares-en-cuatro-anos\/\" title=\"Vivienda: Madrid impulsa 18.000 hogares en cuatro a\u00f1os\">Vivienda: Madrid impulsa 18.000 hogares en cuatro a\u00f1os<\/a><\/h5><p>Madrid aprobar\u00e1 una nueva ley de vivienda para construir 18.000 viviendas protegidas en cuatro a\u00f1os, agilizar plazos y ampliar el alquiler asequible. La medida incluye m\u00e1s incentivos urban\u00edsticos, avales hipotecarios y mayor inversi\u00f3n social para j\u00f3venes, familias y colectivos vulnerables.<\/p>\n<\/div><\/li><li class=\"post post-15619 type-post status-publish format-standard has-post-thumbnail hentry category-fonos-inversion-social category-politica category-vivienda tag-alquiler-asequible tag-economia tag-politica tag-vivienda\"><a class=\"post_image\" href=\"https:\/\/www.habitatinsulae.es\/ca\/el-gobierno-aprueba-plan-de-vivienda-con-7-000-millones\/\" title=\"El Gobierno aprueba plan de vivienda con 7.000 millones\"><img decoding=\"async\" width=\"100\" height=\"100\" src=\"https:\/\/www.habitatinsulae.es\/wp-content\/uploads\/2026\/04\/imagen_2026-04-22_144225612-100x100.jpg\" class=\"attachment-pressroom-small-thumb size-pressroom-small-thumb wp-post-image\" alt=\"El Gobierno aprueba plan de vivienda con 7.000 millones\" title=\"\" srcset=\"https:\/\/www.habitatinsulae.es\/wp-content\/uploads\/2026\/04\/imagen_2026-04-22_144225612-100x100.jpg 100w, https:\/\/www.habitatinsulae.es\/wp-content\/uploads\/2026\/04\/imagen_2026-04-22_144225612-150x150.jpg 150w, https:\/\/www.habitatinsulae.es\/wp-content\/uploads\/2026\/04\/imagen_2026-04-22_144225612-524x524.jpg 524w\" sizes=\"(max-width: 100px) 100vw, 100px\" \/><\/a><div class=\"post_content\"><h5 class=\"clearfix margin_bottom_0\"><a href=\"https:\/\/www.habitatinsulae.es\/ca\/el-gobierno-aprueba-plan-de-vivienda-con-7-000-millones\/\" title=\"El Gobierno aprueba plan de vivienda con 7.000 millones\">El Gobierno aprueba plan de vivienda con 7.000 millones<\/a><\/h5><p>El Gobierno activa el nuevo Plan Estatal de vivienda 2026-2030 con 7.000 millones de euros para aumentar la vivienda protegida, rehabilitar edificios y reforzar el alquiler asequible. El programa pone el foco en j\u00f3venes, colectivos vulnerables y control p\u00fablico de la inversi\u00f3n social.<\/p>\n<\/div><\/li><li class=\"post post-15615 type-post status-publish format-standard has-post-thumbnail hentry category-fonos-inversion-social category-politica category-vivienda tag-inversion-social tag-jovenes tag-politica-de-vivienda tag-vivienda-asequible\"><a class=\"post_image\" href=\"https:\/\/www.habitatinsulae.es\/ca\/el-plan-estatal-eleva-las-ayudas-hasta-102-000-e\/\" title=\"El plan estatal eleva las ayudas hasta 102.000 \u20ac\"><img decoding=\"async\" width=\"100\" height=\"100\" src=\"https:\/\/www.habitatinsulae.es\/wp-content\/uploads\/2026\/04\/imagen_2026-04-22_141955538-100x100.jpg\" class=\"attachment-pressroom-small-thumb size-pressroom-small-thumb wp-post-image\" alt=\"El plan estatal eleva las ayudas hasta 102.000 \u20ac\" title=\"\" srcset=\"https:\/\/www.habitatinsulae.es\/wp-content\/uploads\/2026\/04\/imagen_2026-04-22_141955538-100x100.jpg 100w, https:\/\/www.habitatinsulae.es\/wp-content\/uploads\/2026\/04\/imagen_2026-04-22_141955538-150x150.jpg 150w, https:\/\/www.habitatinsulae.es\/wp-content\/uploads\/2026\/04\/imagen_2026-04-22_141955538-524x524.jpg 524w\" sizes=\"(max-width: 100px) 100vw, 100px\" \/><\/a><div class=\"post_content\"><h5 class=\"clearfix margin_bottom_0\"><a href=\"https:\/\/www.habitatinsulae.es\/ca\/el-plan-estatal-eleva-las-ayudas-hasta-102-000-e\/\" title=\"El plan estatal eleva las ayudas hasta 102.000 \u20ac\">El plan estatal eleva las ayudas hasta 102.000 \u20ac<\/a><\/h5><p>El Plan Estatal de Vivienda 2026-2030 incorpora ayudas de hasta 102.000 euros por vivienda industrializada en zonas tensionadas, impulsa el alquiler asequible, moviliza vivienda vac\u00eda y refuerza el acceso de j\u00f3venes y hogares vulnerables a soluciones habitacionales.<\/p>\n<\/div><\/li><\/ul><\/div><\/div><\/div><\/div>\n<\/div>","protected":false},"excerpt":{"rendered":"El nuevo Plan Estatal de vivienda 2026-2030, aprobado por el Consejo de Ministros y en l\u00ednea con la estrategia del Ministerio de Vivienda y Agenda Urbana, contempla ayudas de hasta 102.000 euros por nueva vivienda cuando la promoci\u00f3n se ubique en una zona tensionada y utilice m\u00e9todos de construcci\u00f3n industrializada. La iniciativa movilizar\u00e1 7.000 millones","protected":false},"author":1,"featured_media":0,"parent":0,"menu_order":0,"comment_status":"open","ping_status":"open","template":"","meta":{"footnotes":""},"class_list":["post-242","page","type-page","status-publish","hentry"],"aioseo_notices":[],"_wp_attached_file":null,"_wp_attachment_metadata":null,"cmsmasters_profile_title":null,"cmsmasters_profile_details_title":null,"cmsmasters_profile_social":null,"cmsmasters_profile_features":null,"cmsmasters_profile_features_one":null,"cmsmasters_profile_features_two":null,"cmsmasters_profile_features_three":null,"cmsmasters_profile_sharing_box":null,"cmsmasters_profile_read_more":null,"cmsmasters_profile_subtitle":null,"cmsmasters_profile_featured_image":null,"cmsmasters_project_columns":null,"cmsmasters_project_video_type":null,"cmsmasters_project_video_links":null,"cmsmasters_project_title":null,"cmsmasters_project_size":null,"cmsmasters_project_details_title":null,"cmsmasters_project_features":null,"cmsmasters_project_link_text":null,"cmsmasters_project_link_redirect":null,"cmsmasters_project_link_target":null,"cmsmasters_project_features_one":null,"cmsmasters_project_features_two":null,"cmsmasters_project_features_three":null,"cmsmasters_project_sharing_box":null,"cmsmasters_project_author_box":null,"cmsmasters_project_more_posts":null,"cmsmasters_project_project_options":null,"cmsmasters_project_read_more":null,"cmsmasters_project_images":null,"cmsmasters_project_image_show":null,"_oembed_b1ccef4f7d7ec9ee9f363a917754e485":null,"_oembed_time_b1ccef4f7d7ec9ee9f363a917754e485":null,"_oembed_94f7d3c89c139230786a25858f781fe7":null,"_oembed_time_94f7d3c89c139230786a25858f781fe7":null,"_oembed_0902e555d5b62bccd72f45d83d98b16e":null,"_oembed_time_0902e555d5b62bccd72f45d83d98b16e":null,"cmsmasters_project_puzzle_image":null,"_wp_attachment_context":null,"_eael_custom_js":null,"_menu_item_type":null,"_menu_item_menu_item_parent":null,"_menu_item_object_id":null,"_menu_item_object":null,"_menu_item_target":null,"_menu_item_classes":null,"_menu_item_xfn":null,"_menu_item_url":null,"_wp_page_template":"default","_wpb_vc_js_interface_version":"2","vc_teaser":{"data":"[{\"name\":\"title\",\"link\":\"post\"},{\"name\":\"image\",\"image\":\"featured\",\"link\":\"none\"},{\"name\":\"text\",\"mode\":\"excerpt\"}]","bgcolor":""},"_post_restored_from":null,"pressroom_review_average":null,"before_widget":null,"after_widget":null,"before_title":null,"after_title":null,"hidden":null,"_wp_attachment_image_alt":null,"rank_math_primary_category":null,"rank_math_seo_score":null,"rank_math_contentai_score":null,"rank_math_title":null,"rank_math_schema_article":null,"rank_math_shortcode_schema_s-687fa54b292b3":null,"rank_math_description":null,"rank_math_focus_keyword":null,"om_disable_all_campaigns":null,"original-file":null,"smush-complete":null,"smush-info":null,"smush-stats":null,"_monsterinsights_sitenote_active":null,"_yoast_wpseo_primary_category":null,"_yoast_wpseo_content_score":null,"_yoast_wpseo_estimated-reading-time-minutes":null,"_yoast_wpseo_metadesc":null,"_cmplz_scanned_post":null,"_aioseop_title":null,"_aioseop_description":null,"_aioseop_keywords":null,"_wpb_post_custom_seo_settings":null,"_wpb_post_custom_css":null,"enclosure":null,"_oembed_917c769c7dbf5d57ddaf9c4330ca4b4f":null,"_elementor_edit_mode":null,"_elementor_template_type":null,"cmsmasters_shortcodes_custom_css":null,"cmsmasters_post_image_show":null,"cmsmasters_post_image_link":null,"cmsmasters_post_images":null,"cmsmasters_post_video_type":null,"cmsmasters_post_video_link":null,"cmsmasters_post_video_links":null,"cmsmasters_post_audio_links":null,"cmsmasters_post_title":null,"cmsmasters_post_sharing_box":null,"cmsmasters_post_author_box":null,"cmsmasters_post_more_posts":null,"cmsmasters_post_read_more":null,"cmsmasters_page_scheme":null,"cmsmasters_layout":null,"cmsmasters_sidebar_id":null,"cmsmasters_bottom_sidebar":null,"cmsmasters_bottom_sidebar_id":null,"cmsmasters_bottom_sidebar_layout":null,"cmsmasters_bg_default":null,"cmsmasters_bg_col":null,"cmsmasters_bg_img_enable":null,"cmsmasters_bg_img":null,"cmsmasters_bg_rep":null,"cmsmasters_bg_pos":null,"cmsmasters_bg_att":null,"cmsmasters_bg_size":null,"cmsmasters_heading":null,"cmsmasters_heading_title":null,"cmsmasters_heading_subtitle":null,"cmsmasters_heading_icon":null,"cmsmasters_heading_alignment":null,"cmsmasters_heading_scheme":null,"cmsmasters_heading_bg_img_enable":null,"cmsmasters_heading_bg_img":null,"cmsmasters_heading_bg_rep":null,"cmsmasters_heading_bg_att":null,"cmsmasters_heading_bg_size":null,"cmsmasters_heading_bg_color":null,"cmsmasters_heading_height":null,"cmsmasters_breadcrumbs":null,"cmsmasters_composer_show":null,"cmsmasters_gutenberg_show":null,"cmsmasters_composer_fullscreen":null,"slide_template":null,"_wp_old_slug":null,"cmsmasters_likes":null,"_thumbnail_id":null,"_elementor_version":null,"_elementor_pro_version":null,"_elementor_data":null,"_wpb_vc_editor_type":"classic","_wpb_vc_js_status":"true","pressroom_primary_category":"","pressroom_featured_caption":"","pressroom_featured_caption_author":"","pressroom_video_url":"","pressroom_post_url":"","pressroom_quote_text":"","pressroom_quote_author":"","pressroom_audio_url":"","social_icon_type":[],"social_icon_url":"","social_icon_target":"","pressroom_attachment_ids":"","pressroom_images":[],"pressroom_images_titles":"","pressroom_images_descriptions":"","pressroom_videos":"","pressroom_iframes":"","pressroom_is_review":"","pressroom_points_scale":"","pressroom_review_label":[],"pressroom_review_value":[],"pressroom_review_title":"","pressroom_review_description":"","page_sidebar_header":"","page_sidebar_top":"","page_sidebar_right":"","page_sidebar_footer_top":"647","page_sidebar_footer_bottom":"648","pressroom_page_sidebars":["647","648"],"_vc_post_settings":{"vc_grid":[]},"post_views_count":null,"_edit_last":null,"_edit_lock":null,"_wpb_post_custom_layout":null,"rank_math_internal_links_processed":null,"footnotes":null,"_wp_old_date":null,"_aioseo_title":null,"_aioseo_description":null,"_aioseo_keywords":null,"_aioseo_og_title":null,"_aioseo_og_description":null,"_aioseo_og_article_section":null,"_aioseo_og_article_tags":null,"_aioseo_twitter_title":null,"_aioseo_twitter_description":null,"_cdp_origin":null,"_cdp_origin_site":null,"_cdp_origin_title":null,"_cdp_counter":null,"cmplz_hide_cookiebanner":null,"_links":{"self":[{"href":"https:\/\/www.habitatinsulae.es\/ca\/wp-json\/wp\/v2\/pages\/242","targetHints":{"allow":["GET"]}}],"collection":[{"href":"https:\/\/www.habitatinsulae.es\/ca\/wp-json\/wp\/v2\/pages"}],"about":[{"href":"https:\/\/www.habitatinsulae.es\/ca\/wp-json\/wp\/v2\/types\/page"}],"author":[{"embeddable":true,"href":"https:\/\/www.habitatinsulae.es\/ca\/wp-json\/wp\/v2\/users\/1"}],"replies":[{"embeddable":true,"href":"https:\/\/www.habitatinsulae.es\/ca\/wp-json\/wp\/v2\/comments?post=242"}],"version-history":[{"count":0,"href":"https:\/\/www.habitatinsulae.es\/ca\/wp-json\/wp\/v2\/pages\/242\/revisions"}],"wp:attachment":[{"href":"https:\/\/www.habitatinsulae.es\/ca\/wp-json\/wp\/v2\/media?parent=242"}],"curies":[{"name":"wp","href":"https:\/\/api.w.org\/{rel}","templated":true}]}}