




{"id":171,"date":"2015-01-09T09:56:37","date_gmt":"2015-01-09T09:56:37","guid":{"rendered":"http:\/\/localhost\/wordpress\/pressroom\/?page_id=171"},"modified":"2025-07-23T08:39:42","modified_gmt":"2025-07-23T06:39:42","slug":"authors","status":"publish","type":"page","link":"https:\/\/www.habitatinsulae.es\/ca\/authors\/","title":{"rendered":"Authors"},"content":{"rendered":"<div class=\"wpb-content-wrapper\"><div class=\"vc_row wpb_row vc_row-fluid\"><div class=\"wpb_column vc_column_container vc_col-sm-12\"><div class=\"wpb_wrapper\"><div class=\"divider_block clearfix\"><hr class=\"divider first\"><hr class=\"divider subheader_arrow\"><hr class=\"divider last\"><\/div><\/div><\/div><\/div><div class=\"vc_row wpb_row vc_row-fluid page_margin_top\"><div class=\"wpb_column vc_column_container vc_col-sm-8\"><div class=\"wpb_wrapper\"><ul class=\"authors_list rating\"><li class=\"single-author clearfix\">\r\n\t\t\t<div class=\"avatar_block\">\r\n\t\t\t\t<a class=\"thumb\" href=\"https:\/\/www.habitatinsulae.es\/ca\/author\/admin1605\/\" title=\"Redacci\u00f3n\"><\/a>\r\n\t\t\t\t<div class=\"details clearfix\">\r\n\t\t\t\t\t<ul class=\"columns\">\r\n\t\t\t\t\t\t<li class=\"column\">\r\n\t\t\t\t\t\t\t<span class=\"number animated_element\" data-value=\"75\"><\/span>\r\n\t\t\t\t\t\t\t<h5>Articles<\/h5>\r\n\t\t\t\t\t\t<\/li>\r\n\t\t\t\t\t\t<li class=\"column\">\r\n\t\t\t\t\t\t\t<span class=\"number animated_element\" data-value=\"31970\"><\/span>\r\n\t\t\t\t\t\t\t<h5>Views<\/h5>\r\n\t\t\t\t\t\t<\/li>\r\n\t\t\t\t\t<\/ul>\r\n\t\t\t\t<\/div>\r\n\t\t\t<\/div>\r\n\t\t\t<div class=\"content\"><h6>ADMINISTRATOR<\/h6>\r\n\t\t\t\t<h2><a href=\"https:\/\/www.habitatinsulae.es\/ca\/author\/admin1605\/\" title=\"Redacci\u00f3n\">Redacci\u00f3n<\/a><\/h2><a href=\"https:\/\/www.habitatinsulae.es\/ca\/author\/admin1605\/\" class=\"more highlight margin_top_15\">PROFILE<\/a>\r\n\t\t\t<\/div>\r\n\t\t<\/li><li class=\"single-author clearfix\">\r\n\t\t\t<div class=\"avatar_block\">\r\n\t\t\t\t<a class=\"thumb\" href=\"https:\/\/www.habitatinsulae.es\/ca\/author\/redaccion\/\" title=\"Redaccion\"><\/a>\r\n\t\t\t\t<div class=\"details clearfix\">\r\n\t\t\t\t\t<ul class=\"columns\">\r\n\t\t\t\t\t\t<li class=\"column\">\r\n\t\t\t\t\t\t\t<span class=\"number animated_element\" data-value=\"72\"><\/span>\r\n\t\t\t\t\t\t\t<h5>Articles<\/h5>\r\n\t\t\t\t\t\t<\/li>\r\n\t\t\t\t\t\t<li class=\"column\">\r\n\t\t\t\t\t\t\t<span class=\"number animated_element\" data-value=\"10943\"><\/span>\r\n\t\t\t\t\t\t\t<h5>Views<\/h5>\r\n\t\t\t\t\t\t<\/li>\r\n\t\t\t\t\t<\/ul>\r\n\t\t\t\t<\/div>\r\n\t\t\t<\/div>\r\n\t\t\t<div class=\"content\"><h6>EDITOR<\/h6>\r\n\t\t\t\t<h2><a href=\"https:\/\/www.habitatinsulae.es\/ca\/author\/redaccion\/\" title=\"Redaccion\">Redaccion<\/a><\/h2><a href=\"https:\/\/www.habitatinsulae.es\/ca\/author\/redaccion\/\" class=\"more highlight margin_top_15\">PROFILE<\/a>\r\n\t\t\t<\/div>\r\n\t\t<\/li><li class=\"single-author clearfix\">\r\n\t\t\t<div class=\"avatar_block\">\r\n\t\t\t\t<a class=\"thumb\" href=\"https:\/\/www.habitatinsulae.es\/ca\/author\/daroca777\/\" title=\"David Rodr\u00edguez\"><\/a>\r\n\t\t\t\t<div class=\"details clearfix\">\r\n\t\t\t\t\t<ul class=\"columns\">\r\n\t\t\t\t\t\t<li class=\"column\">\r\n\t\t\t\t\t\t\t<span class=\"number animated_element\" data-value=\"1\"><\/span>\r\n\t\t\t\t\t\t\t<h5>Articles<\/h5>\r\n\t\t\t\t\t\t<\/li>\r\n\t\t\t\t\t\t<li class=\"column\">\r\n\t\t\t\t\t\t\t<span class=\"number animated_element\" data-value=\"713\"><\/span>\r\n\t\t\t\t\t\t\t<h5>Views<\/h5>\r\n\t\t\t\t\t\t<\/li>\r\n\t\t\t\t\t<\/ul>\r\n\t\t\t\t<\/div>\r\n\t\t\t<\/div>\r\n\t\t\t<div class=\"content\"><h6>ADMINISTRATOR<\/h6>\r\n\t\t\t\t<h2><a href=\"https:\/\/www.habitatinsulae.es\/ca\/author\/daroca777\/\" title=\"David Rodr\u00edguez\">David Rodr\u00edguez<\/a><\/h2><a href=\"https:\/\/www.habitatinsulae.es\/ca\/author\/daroca777\/\" class=\"more highlight margin_top_15\">PROFILE<\/a>\r\n\t\t\t<\/div>\r\n\t\t<\/li><\/ul><\/div><\/div><div class=\"wpb_column vc_column_container vc_col-sm-4\"><div class=\"wpb_wrapper\"><h4 class=\"box_header\">Lectura Recomendada<\/h4><div class=\"vc_row wpb_row vc_row-fluid\"><ul class=\"blog clearfix small_margin\"><li class=\"post post-377 type-post status-publish format-standard has-post-thumbnail hentry category-politica category-vivienda category-vivienda-social\"><a class=\"post_image\" href=\"https:\/\/www.habitatinsulae.es\/ca\/la-xunta-impulsa-2-800-viviendas-publicas-con-220-me-en-ejecucion\/\" title=\"La Xunta impulsa 2.800 viviendas p\u00fablicas con 220\u202fM\u20ac en ejecuci\u00f3n\"><img decoding=\"async\" width=\"510\" height=\"187\" src=\"https:\/\/www.habitatinsulae.es\/wp-content\/uploads\/2015\/03\/Proyecto-de-Aedas-510x187.jpg\" class=\"attachment-blog-post-thumb-medium size-blog-post-thumb-medium wp-post-image\" alt=\"La Xunta impulsa 2.800 viviendas p\u00fablicas con 220\u202fM\u20ac en ejecuci\u00f3n\" title=\"\" \/><\/a><h5 class=\"clearfix\"><a href=\"https:\/\/www.habitatinsulae.es\/ca\/la-xunta-impulsa-2-800-viviendas-publicas-con-220-me-en-ejecucion\/\" title=\"La Xunta impulsa 2.800 viviendas p\u00fablicas con 220\u202fM\u20ac en ejecuci\u00f3n\">La Xunta impulsa 2.800 viviendas p\u00fablicas con 220\u202fM\u20ac en ejecuci\u00f3n<\/a><\/h5><ul class=\"post_details simple\"><li class=\"category container-category-3\"><a class=\"category-3\" href=\"https:\/\/www.habitatinsulae.es\/ca\/category\/vivienda\/\" title=\"View all posts filed under Vivienda\">Vivienda<\/a><\/li><li class=\"date\">07\/20\/2025<\/li><\/ul><\/li><\/ul><\/div><div class=\"clearfix tabs no_scroll page_margin_top_section\" data-interval=\"0\">\n\t\t\t<ul class=\"tabs_navigation clearfix\"><li><a href=\"#sidebar-most-read\" class=\"\">M\u00e1s Le\u00eddo<\/a><\/li><li><a href=\"#sidebar-most-commented\" class=\"\">M\u00e1s Comentado<\/a><\/li><\/ul>\n\n\t\t\t\n\t\t\t<div id=\"sidebar-most-read\" class=\"wpb_tab\">\n\t\t\t\t<ul class=\"blog rating clearfix page_margin_top\"><li class=\"post\"><a href=\"https:\/\/www.habitatinsulae.es\/ca\/genivs-lanza-el-primer-fondo-de-alto-impacto-social-en-vivienda-para-jovenes-en-espana\/\" title=\"GENIVS lanza el primer fondo de alto impacto social en vivienda para j\u00f3venes en Espa\u00f1a\"><img decoding=\"async\" width=\"510\" height=\"187\" src=\"https:\/\/www.habitatinsulae.es\/wp-content\/uploads\/2025\/09\/Socios-Fundadores-de-Genivs-510x187.jpg\" class=\"attachment-blog-post-thumb-medium size-blog-post-thumb-medium wp-post-image\" alt=\"La Xunta impulsa 2.800 viviendas p\u00fablicas con 220\u202fM\u20ac en ejecuci\u00f3n\" title=\"\" \/><\/a><div class=\"post_content\">\r\n\t\t\t\t<span class=\"number animated_element\" data-value=\"1384\"><\/span>\r\n\t\t\t\t<h5><a href=\"https:\/\/www.habitatinsulae.es\/ca\/genivs-lanza-el-primer-fondo-de-alto-impacto-social-en-vivienda-para-jovenes-en-espana\/\" title=\"GENIVS lanza el primer fondo de alto impacto social en vivienda para j\u00f3venes en Espa\u00f1a\">GENIVS lanza el primer fondo de alto impacto social en vivienda para j\u00f3venes en Espa\u00f1a<\/a><\/h5><ul class=\"post_details simple\"><li class=\"category\"><a class=\"category-3\" href=\"https:\/\/www.habitatinsulae.es\/ca\/category\/vivienda\/\" title=\"View all posts filed under Vivienda\">Vivienda<\/a>, <a class=\"category-156\" href=\"https:\/\/www.habitatinsulae.es\/ca\/category\/vivienda\/vivienda-social\/\" title=\"View all posts filed under Vivienda Social\">Vivienda Social<\/a><\/li><li class=\"date\">09\/30\/2025<\/li><\/ul><\/div><\/li><li class=\"post\"><div class=\"post_content\">\r\n\t\t\t\t<span class=\"number animated_element\" data-value=\"1095\"><\/span>\r\n\t\t\t\t<h5><a href=\"https:\/\/www.habitatinsulae.es\/ca\/las-capitales-espanolas-lideran-la-demanda-de-viviendas\/\" title=\"Las capitales espa\u00f1olas lideran la demanda de vivienda\">Las capitales espa\u00f1olas lideran la demanda de vivienda<\/a><\/h5><ul class=\"post_details simple\"><li class=\"category container-category-3\"><a class=\"category-3\" href=\"https:\/\/www.habitatinsulae.es\/ca\/category\/vivienda\/\" title=\"View all posts filed under Vivienda\">Vivienda<\/a><\/li><li class=\"date\">07\/27\/2025<\/li><\/ul><\/div><\/li><li class=\"post\"><div class=\"post_content\">\r\n\t\t\t\t<span class=\"number animated_element\" data-value=\"999\"><\/span>\r\n\t\t\t\t<h5><a href=\"https:\/\/www.habitatinsulae.es\/ca\/ico-impulsa-10000-viviendas-sociales-con-550-me\/\" title=\"ICO impulsa 10.000 viviendas sociales con 550 M\u20ac\">ICO impulsa 10.000 viviendas sociales con 550 M\u20ac<\/a><\/h5><ul class=\"post_details simple\"><li class=\"category container-category-95\"><a class=\"category-95\" href=\"https:\/\/www.habitatinsulae.es\/ca\/category\/fonos-inversion-social\/\" title=\"View all posts filed under Fondos e Inversi\u00f3n Social\">Fondos e Inversi\u00f3n Social<\/a><\/li><li class=\"date\">07\/10\/2025<\/li><\/ul><\/div><\/li><li class=\"post\"><div class=\"post_content\">\r\n\t\t\t\t<span class=\"number animated_element\" data-value=\"877\"><\/span>\r\n\t\t\t\t<h5><a href=\"https:\/\/www.habitatinsulae.es\/ca\/el-precio-de-la-vivienda-nueva-en-madrid-roza-los-5-000-e-m-2\/\" title=\"El Precio de la vivienda nueva en Madrid roza los 5\u202f000\u202f\u20ac \/ m\u00b2\">El Precio de la vivienda nueva en Madrid roza los 5\u202f000\u202f\u20ac \/ m\u00b2<\/a><\/h5><ul class=\"post_details simple\"><li class=\"category container-category-94\"><a class=\"category-94\" href=\"https:\/\/www.habitatinsulae.es\/ca\/category\/datos-analisis\/\" title=\"View all posts filed under Datos y An\u00e1lisis\">Datos y An\u00e1lisis<\/a><\/li><li class=\"date\">07\/05\/2025<\/li><\/ul><\/div><\/li><li class=\"post\"><div class=\"post_content\">\r\n\t\t\t\t<span class=\"number animated_element\" data-value=\"862\"><\/span>\r\n\t\t\t\t<h5><a href=\"https:\/\/www.habitatinsulae.es\/ca\/metropolitan-house-presenta-un-estudio-pionero-sobre-industrializacion-para-acelerar-el-acceso-a-la-vivienda-asequible-y-sostenible-2\/\" title=\"Metropolitan House presenta un estudio pionero sobre industrializaci\u00f3n para acelerar el acceso a la vivienda asequible y sostenible\">Metropolitan House presenta un estudio pionero sobre industrializaci\u00f3n para acelerar el acceso a la vivienda asequible y sostenible<\/a><\/h5><ul class=\"post_details simple\"><li class=\"category container-category-2\"><a class=\"category-2\" href=\"https:\/\/www.habitatinsulae.es\/ca\/category\/actualidad\/\" title=\"View all posts filed under Actualidad\">Actualidad<\/a><\/li><li class=\"date\">08\/06\/2025<\/li><\/ul><\/div><\/li><\/ul><a class=\"more page_margin_top\" href=\"http:\/\/quanticalabs.com\/wp_themes\/pressroom\/blog\/\" title=\"VER M\u00c1S\">VER M\u00c1S<\/a>\n\t\t\t<\/div> \n\t\t\t<div id=\"sidebar-most-commented\" class=\"wpb_tab\">\n\t\t\t\t<ul class=\"blog rating clearfix page_margin_top\"><li class=\"post\"><a href=\"https:\/\/www.habitatinsulae.es\/ca\/genivs-lanza-el-primer-fondo-de-alto-impacto-social-en-vivienda-para-jovenes-en-espana\/\" title=\"GENIVS lanza el primer fondo de alto impacto social en vivienda para j\u00f3venes en Espa\u00f1a\"><img decoding=\"async\" width=\"510\" height=\"187\" src=\"https:\/\/www.habitatinsulae.es\/wp-content\/uploads\/2025\/09\/Socios-Fundadores-de-Genivs-510x187.jpg\" class=\"attachment-blog-post-thumb-medium size-blog-post-thumb-medium wp-post-image\" alt=\"La Xunta impulsa 2.800 viviendas p\u00fablicas con 220\u202fM\u20ac en ejecuci\u00f3n\" title=\"\" \/><\/a><div class=\"post_content\">\r\n\t\t\t\t<span class=\"number animated_element\" data-value=\"3\"><\/span>\r\n\t\t\t\t<h5><a href=\"https:\/\/www.habitatinsulae.es\/ca\/genivs-lanza-el-primer-fondo-de-alto-impacto-social-en-vivienda-para-jovenes-en-espana\/\" title=\"GENIVS lanza el primer fondo de alto impacto social en vivienda para j\u00f3venes en Espa\u00f1a\">GENIVS lanza el primer fondo de alto impacto social en vivienda para j\u00f3venes en Espa\u00f1a<\/a><\/h5><ul class=\"post_details simple\"><li class=\"category\"><a class=\"category-3\" href=\"https:\/\/www.habitatinsulae.es\/ca\/category\/vivienda\/\" title=\"View all posts filed under Vivienda\">Vivienda<\/a>, <a class=\"category-156\" href=\"https:\/\/www.habitatinsulae.es\/ca\/category\/vivienda\/vivienda-social\/\" title=\"View all posts filed under Vivienda Social\">Vivienda Social<\/a><\/li><li class=\"date\">09\/30\/2025<\/li><\/ul><\/div><\/li><li class=\"post\"><div class=\"post_content\">\r\n\t\t\t\t<span class=\"number animated_element\" data-value=\"3\"><\/span>\r\n\t\t\t\t<h5><a href=\"https:\/\/www.habitatinsulae.es\/ca\/un-nuevo-modelo-de-inversion-de-impacto-para-transformar-el-acceso-a-la-vivienda-en-espana\/\" title=\"Un nuevo modelo de inversi\u00f3n de impacto para transformar el acceso a la vivienda en Espa\u00f1a\">Un nuevo modelo de inversi\u00f3n de impacto para transformar el acceso a la vivienda en Espa\u00f1a<\/a><\/h5><ul class=\"post_details simple\"><li class=\"category container-category-160\"><a class=\"category-160\" href=\"https:\/\/www.habitatinsulae.es\/ca\/category\/inversiones-de-impacto\/\" title=\"View all posts filed under Inversiones de Impacto\">Inversiones de Impacto<\/a><\/li><li class=\"date\">08\/05\/2025<\/li><\/ul><\/div><\/li><li class=\"post\"><div class=\"post_content\">\r\n\t\t\t\t<span class=\"number animated_element\" data-value=\"3\"><\/span>\r\n\t\t\t\t<h5><a href=\"https:\/\/www.habitatinsulae.es\/ca\/ue-prioridad-vivienda-2025\/\" title=\"La vivienda, prioridad dom\u00e9stica en la UE\">La vivienda, prioridad dom\u00e9stica en la UE<\/a><\/h5><ul class=\"post_details simple\"><li class=\"category container-category-96\"><a class=\"category-96\" href=\"https:\/\/www.habitatinsulae.es\/ca\/category\/politica\/\" title=\"View all posts filed under Pol\u00edtica\">Pol\u00edtica<\/a><\/li><li class=\"date\">09\/15\/2025<\/li><\/ul><\/div><\/li><li class=\"post\"><div class=\"post_content\">\r\n\t\t\t\t<span class=\"number animated_element\" data-value=\"2\"><\/span>\r\n\t\t\t\t<h5><a href=\"https:\/\/www.habitatinsulae.es\/ca\/plan-suma-vivienda-madrid-licita-600-pisos\/\" title=\"Plan Suma Vivienda Madrid licita 600 pisos\">Plan Suma Vivienda Madrid licita 600 pisos<\/a><\/h5><ul class=\"post_details simple\"><li class=\"category container-category-3\"><a class=\"category-3\" href=\"https:\/\/www.habitatinsulae.es\/ca\/category\/vivienda\/\" title=\"View all posts filed under Vivienda\">Vivienda<\/a><\/li><li class=\"date\">11\/05\/2025<\/li><\/ul><\/div><\/li><li class=\"post\"><div class=\"post_content\">\r\n\t\t\t\t<span class=\"number animated_element\" data-value=\"1\"><\/span>\r\n\t\t\t\t<h5><a href=\"https:\/\/www.habitatinsulae.es\/ca\/nuevo-registro-estatal-frena-el-boom-de-pisos-turisticos-casi-la-mitad-de-solicitudes-rechazadas-este-verano\/\" title=\"Nuevo registro estatal frena el boom de pisos tur\u00edsticos: casi la mitad de solicitudes rechazadas este verano\">Nuevo registro estatal frena el boom de pisos tur\u00edsticos: casi la mitad de solicitudes rechazadas este verano<\/a><\/h5><ul class=\"post_details simple\"><li class=\"category container-category-3\"><a class=\"category-3\" href=\"https:\/\/www.habitatinsulae.es\/ca\/category\/vivienda\/\" title=\"View all posts filed under Vivienda\">Vivienda<\/a><\/li><li class=\"date\">09\/05\/2025<\/li><\/ul><\/div><\/li><\/ul><a class=\"more page_margin_top\" href=\"http:\/\/quanticalabs.com\/wp_themes\/pressroom\/blog\/\" title=\"VER M\u00c1S\">VER M\u00c1S<\/a>\n\t\t\t<\/div> \n\t\t<\/div><\/div><\/div><\/div>\n<\/div>","protected":false},"excerpt":{"rendered":"La Xunta impulsa m\u00e1s de 2.800 viviendas p\u00fablicas en Galicia con inversi\u00f3n de 220\u202fM\u20ac La Xunta de Galicia ha puesto en marcha 2.886 viviendas de promoci\u00f3n p\u00fablica en diversas fases de ejecuci\u00f3n, con una inversi\u00f3n global que supera los 220 millones de euros. Esta iniciativa forma parte del Pacto de Vivienda 2021\u20112024, y consolida su","protected":false},"author":1,"featured_media":0,"parent":0,"menu_order":0,"comment_status":"open","ping_status":"open","template":"","meta":{"footnotes":""},"class_list":["post-171","page","type-page","status-publish","hentry"],"aioseo_notices":[],"_wp_attached_file":null,"_wp_attachment_metadata":null,"cmsmasters_profile_title":null,"cmsmasters_profile_details_title":null,"cmsmasters_profile_social":null,"cmsmasters_profile_features":null,"cmsmasters_profile_features_one":null,"cmsmasters_profile_features_two":null,"cmsmasters_profile_features_three":null,"cmsmasters_profile_sharing_box":null,"cmsmasters_profile_read_more":null,"cmsmasters_profile_subtitle":null,"cmsmasters_profile_featured_image":null,"cmsmasters_project_columns":null,"cmsmasters_project_video_type":null,"cmsmasters_project_video_links":null,"cmsmasters_project_title":null,"cmsmasters_project_size":null,"cmsmasters_project_details_title":null,"cmsmasters_project_features":null,"cmsmasters_project_link_text":null,"cmsmasters_project_link_redirect":null,"cmsmasters_project_link_target":null,"cmsmasters_project_features_one":null,"cmsmasters_project_features_two":null,"cmsmasters_project_features_three":null,"cmsmasters_project_sharing_box":null,"cmsmasters_project_author_box":null,"cmsmasters_project_more_posts":null,"cmsmasters_project_project_options":null,"cmsmasters_project_read_more":null,"cmsmasters_project_images":null,"cmsmasters_project_image_show":null,"_oembed_b1ccef4f7d7ec9ee9f363a917754e485":null,"_oembed_time_b1ccef4f7d7ec9ee9f363a917754e485":null,"_oembed_94f7d3c89c139230786a25858f781fe7":null,"_oembed_time_94f7d3c89c139230786a25858f781fe7":null,"_oembed_0902e555d5b62bccd72f45d83d98b16e":null,"_oembed_time_0902e555d5b62bccd72f45d83d98b16e":null,"cmsmasters_project_puzzle_image":null,"_wp_attachment_context":null,"_eael_custom_js":null,"_menu_item_type":null,"_menu_item_menu_item_parent":null,"_menu_item_object_id":null,"_menu_item_object":null,"_menu_item_target":null,"_menu_item_classes":null,"_menu_item_xfn":null,"_menu_item_url":null,"_wp_page_template":"default","_wpb_vc_js_interface_version":"2","vc_teaser":{"data":"[{\"name\":\"title\",\"link\":\"post\"},{\"name\":\"image\",\"image\":\"featured\",\"link\":\"none\"},{\"name\":\"text\",\"mode\":\"excerpt\"}]","bgcolor":""},"_post_restored_from":null,"pressroom_review_average":null,"before_widget":null,"after_widget":null,"before_title":null,"after_title":null,"hidden":null,"_wp_attachment_image_alt":null,"rank_math_primary_category":null,"rank_math_seo_score":null,"rank_math_contentai_score":null,"rank_math_title":null,"rank_math_schema_article":null,"rank_math_shortcode_schema_s-687fa54b292b3":null,"rank_math_description":null,"rank_math_focus_keyword":null,"om_disable_all_campaigns":null,"original-file":null,"smush-complete":null,"smush-info":null,"smush-stats":null,"_monsterinsights_sitenote_active":null,"_yoast_wpseo_primary_category":null,"_yoast_wpseo_content_score":null,"_yoast_wpseo_estimated-reading-time-minutes":null,"_yoast_wpseo_metadesc":null,"_cmplz_scanned_post":null,"_aioseop_title":null,"_aioseop_description":null,"_aioseop_keywords":null,"_wpb_post_custom_seo_settings":null,"_wpb_post_custom_css":null,"enclosure":null,"_oembed_917c769c7dbf5d57ddaf9c4330ca4b4f":null,"_elementor_edit_mode":null,"_elementor_template_type":null,"cmsmasters_shortcodes_custom_css":null,"cmsmasters_post_image_show":null,"cmsmasters_post_image_link":null,"cmsmasters_post_images":null,"cmsmasters_post_video_type":null,"cmsmasters_post_video_link":null,"cmsmasters_post_video_links":null,"cmsmasters_post_audio_links":null,"cmsmasters_post_title":null,"cmsmasters_post_sharing_box":null,"cmsmasters_post_author_box":null,"cmsmasters_post_more_posts":null,"cmsmasters_post_read_more":null,"cmsmasters_page_scheme":null,"cmsmasters_layout":null,"cmsmasters_sidebar_id":null,"cmsmasters_bottom_sidebar":null,"cmsmasters_bottom_sidebar_id":null,"cmsmasters_bottom_sidebar_layout":null,"cmsmasters_bg_default":null,"cmsmasters_bg_col":null,"cmsmasters_bg_img_enable":null,"cmsmasters_bg_img":null,"cmsmasters_bg_rep":null,"cmsmasters_bg_pos":null,"cmsmasters_bg_att":null,"cmsmasters_bg_size":null,"cmsmasters_heading":null,"cmsmasters_heading_title":null,"cmsmasters_heading_subtitle":null,"cmsmasters_heading_icon":null,"cmsmasters_heading_alignment":null,"cmsmasters_heading_scheme":null,"cmsmasters_heading_bg_img_enable":null,"cmsmasters_heading_bg_img":null,"cmsmasters_heading_bg_rep":null,"cmsmasters_heading_bg_att":null,"cmsmasters_heading_bg_size":null,"cmsmasters_heading_bg_color":null,"cmsmasters_heading_height":null,"cmsmasters_breadcrumbs":null,"cmsmasters_composer_show":null,"cmsmasters_gutenberg_show":null,"cmsmasters_composer_fullscreen":null,"slide_template":null,"_wp_old_slug":null,"cmsmasters_likes":null,"_thumbnail_id":null,"_elementor_version":null,"_elementor_pro_version":null,"_elementor_data":null,"_wpb_vc_editor_type":"classic","_wpb_vc_js_status":"true","pressroom_primary_category":"","pressroom_featured_caption":"","pressroom_featured_caption_author":"","pressroom_video_url":"","pressroom_post_url":"","pressroom_quote_text":"","pressroom_quote_author":"","pressroom_audio_url":"","social_icon_type":[],"social_icon_url":"","social_icon_target":"","pressroom_attachment_ids":"","pressroom_images":[],"pressroom_images_titles":"","pressroom_images_descriptions":"","pressroom_videos":"","pressroom_iframes":"","pressroom_is_review":"","pressroom_points_scale":"","pressroom_review_label":[],"pressroom_review_value":[],"pressroom_review_title":"","pressroom_review_description":"","page_sidebar_header":"","page_sidebar_top":"","page_sidebar_right":"","page_sidebar_footer_top":"647","page_sidebar_footer_bottom":"648","pressroom_page_sidebars":["647","648"],"_vc_post_settings":null,"post_views_count":null,"_edit_last":"1","_edit_lock":"1753252657:1","_wpb_post_custom_layout":"default","rank_math_internal_links_processed":null,"footnotes":null,"_wp_old_date":null,"_aioseo_title":"","_aioseo_description":"","_aioseo_keywords":[],"_aioseo_og_title":"","_aioseo_og_description":"","_aioseo_og_article_section":"","_aioseo_og_article_tags":[],"_aioseo_twitter_title":"","_aioseo_twitter_description":"","_cdp_origin":null,"_cdp_origin_site":null,"_cdp_origin_title":null,"_cdp_counter":null,"cmplz_hide_cookiebanner":null,"_links":{"self":[{"href":"https:\/\/www.habitatinsulae.es\/ca\/wp-json\/wp\/v2\/pages\/171","targetHints":{"allow":["GET"]}}],"collection":[{"href":"https:\/\/www.habitatinsulae.es\/ca\/wp-json\/wp\/v2\/pages"}],"about":[{"href":"https:\/\/www.habitatinsulae.es\/ca\/wp-json\/wp\/v2\/types\/page"}],"author":[{"embeddable":true,"href":"https:\/\/www.habitatinsulae.es\/ca\/wp-json\/wp\/v2\/users\/1"}],"replies":[{"embeddable":true,"href":"https:\/\/www.habitatinsulae.es\/ca\/wp-json\/wp\/v2\/comments?post=171"}],"version-history":[{"count":3,"href":"https:\/\/www.habitatinsulae.es\/ca\/wp-json\/wp\/v2\/pages\/171\/revisions"}],"predecessor-version":[{"id":14668,"href":"https:\/\/www.habitatinsulae.es\/ca\/wp-json\/wp\/v2\/pages\/171\/revisions\/14668"}],"wp:attachment":[{"href":"https:\/\/www.habitatinsulae.es\/ca\/wp-json\/wp\/v2\/media?parent=171"}],"curies":[{"name":"wp","href":"https:\/\/api.w.org\/{rel}","templated":true}]}}